{"id":162,"date":"2025-02-02T16:20:05","date_gmt":"2025-02-02T15:20:05","guid":{"rendered":"https:\/\/www.toucherterre.com\/?page_id=162"},"modified":"2025-02-02T16:20:05","modified_gmt":"2025-02-02T15:20:05","slug":"kamis","status":"publish","type":"page","link":"https:\/\/www.toucherterre.com\/index.php\/kamis\/","title":{"rendered":"Kamis"},"content":{"rendered":"\n<p>Dans la religion shinto\u00efste, les kamis sont de petits esprits ou des divinit\u00e9s, souvent associ\u00e9s \u00e0 diff\u00e9rents \u00e9l\u00e9ments de la nature ou des anc\u00eatres. Espi\u00e8gles ou plutot zen, ceux qui se cachent dans mon atelier sont garantis sans malice!<\/p>\n\n\n\n<figure class=\"wp-block-gallery has-nested-images columns-default is-cropped wp-block-gallery-1 is-layout-flex wp-block-gallery-is-layout-flex\">\n<figure class=\"wp-block-image size-large\"><img loading=\"lazy\" decoding=\"async\" width=\"1000\" height=\"1000\" data-id=\"165\" src=\"https:\/\/www.toucherterre.com\/wp-content\/uploads\/2025\/02\/kamimontagne.jpg\" alt=\"\" class=\"wp-image-165\" srcset=\"https:\/\/www.toucherterre.com\/wp-content\/uploads\/2025\/02\/kamimontagne.jpg 1000w, https:\/\/www.toucherterre.com\/wp-content\/uploads\/2025\/02\/kamimontagne-300x300.jpg 300w, https:\/\/www.toucherterre.com\/wp-content\/uploads\/2025\/02\/kamimontagne-150x150.jpg 150w, https:\/\/www.toucherterre.com\/wp-content\/uploads\/2025\/02\/kamimontagne-768x768.jpg 768w\" sizes=\"auto, (max-width: 1000px) 100vw, 1000px\" \/><\/figure>\n\n\n\n<figure class=\"wp-block-image size-full\"><img loading=\"lazy\" decoding=\"async\" width=\"1000\" height=\"1000\" data-id=\"167\" src=\"http:\/\/www.toucherterre.com\/wp-content\/uploads\/2025\/02\/Kamiours.jpg\" alt=\"\" class=\"wp-image-167\" srcset=\"https:\/\/www.toucherterre.com\/wp-content\/uploads\/2025\/02\/Kamiours.jpg 1000w, https:\/\/www.toucherterre.com\/wp-content\/uploads\/2025\/02\/Kamiours-300x300.jpg 300w, https:\/\/www.toucherterre.com\/wp-content\/uploads\/2025\/02\/Kamiours-150x150.jpg 150w, https:\/\/www.toucherterre.com\/wp-content\/uploads\/2025\/02\/Kamiours-768x768.jpg 768w\" sizes=\"auto, (max-width: 1000px) 100vw, 1000px\" \/><\/figure>\n\n\n\n<figure class=\"wp-block-image size-large\"><img loading=\"lazy\" decoding=\"async\" width=\"600\" height=\"600\" data-id=\"164\" src=\"https:\/\/www.toucherterre.com\/wp-content\/uploads\/2025\/02\/AutumnKami.jpg\" alt=\"\" class=\"wp-image-164\" srcset=\"https:\/\/www.toucherterre.com\/wp-content\/uploads\/2025\/02\/AutumnKami.jpg 600w, https:\/\/www.toucherterre.com\/wp-content\/uploads\/2025\/02\/AutumnKami-300x300.jpg 300w, https:\/\/www.toucherterre.com\/wp-content\/uploads\/2025\/02\/AutumnKami-150x150.jpg 150w\" sizes=\"auto, (max-width: 600px) 100vw, 600px\" \/><\/figure>\n\n\n\n<figure class=\"wp-block-image size-full\"><img loading=\"lazy\" decoding=\"async\" width=\"668\" height=\"668\" data-id=\"166\" src=\"http:\/\/www.toucherterre.com\/wp-content\/uploads\/2025\/02\/SpringKami.jpg\" alt=\"\" class=\"wp-image-166\" srcset=\"https:\/\/www.toucherterre.com\/wp-content\/uploads\/2025\/02\/SpringKami.jpg 668w, https:\/\/www.toucherterre.com\/wp-content\/uploads\/2025\/02\/SpringKami-300x300.jpg 300w, https:\/\/www.toucherterre.com\/wp-content\/uploads\/2025\/02\/SpringKami-150x150.jpg 150w\" sizes=\"auto, (max-width: 668px) 100vw, 668px\" \/><\/figure>\n<\/figure>\n","protected":false},"excerpt":{"rendered":"<p>Dans la religion shinto\u00efste, les kamis sont de petits esprits ou des divinit\u00e9s, souvent associ\u00e9s \u00e0 diff\u00e9rents \u00e9l\u00e9ments de la nature ou des anc\u00eatres. Espi\u00e8gles ou plutot zen, ceux qui se cachent dans mon atelier sont garantis sans malice!<\/p>\n","protected":false},"author":1,"featured_media":0,"parent":0,"menu_order":0,"comment_status":"closed","ping_status":"closed","template":"","meta":{"footnotes":""},"class_list":["post-162","page","type-page","status-publish","hentry"],"_links":{"self":[{"href":"https:\/\/www.toucherterre.com\/index.php\/wp-json\/wp\/v2\/pages\/162","targetHints":{"allow":["GET"]}}],"collection":[{"href":"https:\/\/www.toucherterre.com\/index.php\/wp-json\/wp\/v2\/pages"}],"about":[{"href":"https:\/\/www.toucherterre.com\/index.php\/wp-json\/wp\/v2\/types\/page"}],"author":[{"embeddable":true,"href":"https:\/\/www.toucherterre.com\/index.php\/wp-json\/wp\/v2\/users\/1"}],"replies":[{"embeddable":true,"href":"https:\/\/www.toucherterre.com\/index.php\/wp-json\/wp\/v2\/comments?post=162"}],"version-history":[{"count":2,"href":"https:\/\/www.toucherterre.com\/index.php\/wp-json\/wp\/v2\/pages\/162\/revisions"}],"predecessor-version":[{"id":168,"href":"https:\/\/www.toucherterre.com\/index.php\/wp-json\/wp\/v2\/pages\/162\/revisions\/168"}],"wp:attachment":[{"href":"https:\/\/www.toucherterre.com\/index.php\/wp-json\/wp\/v2\/media?parent=162"}],"curies":[{"name":"wp","href":"https:\/\/api.w.org\/{rel}","templated":true}]}}