{"id":2,"date":"2025-01-12T18:44:23","date_gmt":"2025-01-12T17:44:23","guid":{"rendered":"http:\/\/www.toucherterre.com\/?page_id=2"},"modified":"2025-02-02T15:37:36","modified_gmt":"2025-02-02T14:37:36","slug":"page-d-exemple","status":"publish","type":"page","link":"https:\/\/www.toucherterre.com\/index.php\/page-d-exemple\/","title":{"rendered":"Bienvenue \u00e0 l&#8217;atelier"},"content":{"rendered":"\n<p>Dans mon atelier de po\u00e9sie c\u00e9ramique, je cr\u00e9e des sculptures, des masques et des petites s\u00e9ries utilitaires.<\/p>\n\n\n\n<p>Tr\u00e8s sensible \u00e0 l\u2019esth\u00e9tique et \u00e0 la culture japonaise, j&#8217;envisage mes cr\u00e9ations comme des petits po\u00e8mes courts, dans la tradition des Haikus. <\/p>\n\n\n\n<figure class=\"wp-block-gallery has-nested-images columns-default is-cropped wp-block-gallery-1 is-layout-flex wp-block-gallery-is-layout-flex\">\n<figure class=\"wp-block-image size-large\"><img loading=\"lazy\" decoding=\"async\" width=\"1024\" height=\"1024\" data-id=\"49\" src=\"https:\/\/www.toucherterre.com\/wp-content\/uploads\/2025\/01\/ConcertopourRenettesetNenuphars-1024x1024.jpg\" alt=\"\" class=\"wp-image-49\" srcset=\"https:\/\/www.toucherterre.com\/wp-content\/uploads\/2025\/01\/ConcertopourRenettesetNenuphars-1024x1024.jpg 1024w, https:\/\/www.toucherterre.com\/wp-content\/uploads\/2025\/01\/ConcertopourRenettesetNenuphars-300x300.jpg 300w, https:\/\/www.toucherterre.com\/wp-content\/uploads\/2025\/01\/ConcertopourRenettesetNenuphars-150x150.jpg 150w, https:\/\/www.toucherterre.com\/wp-content\/uploads\/2025\/01\/ConcertopourRenettesetNenuphars-768x768.jpg 768w, https:\/\/www.toucherterre.com\/wp-content\/uploads\/2025\/01\/ConcertopourRenettesetNenuphars-1536x1536.jpg 1536w, https:\/\/www.toucherterre.com\/wp-content\/uploads\/2025\/01\/ConcertopourRenettesetNenuphars-2048x2048.jpg 2048w\" sizes=\"auto, (max-width: 1024px) 100vw, 1024px\" \/><\/figure>\n\n\n\n<figure class=\"wp-block-image size-large\"><img loading=\"lazy\" decoding=\"async\" width=\"1024\" height=\"1024\" data-id=\"67\" src=\"https:\/\/www.toucherterre.com\/wp-content\/uploads\/2025\/01\/IMG_20200706_114453_352-1024x1024.jpg\" alt=\"\" class=\"wp-image-67\" srcset=\"https:\/\/www.toucherterre.com\/wp-content\/uploads\/2025\/01\/IMG_20200706_114453_352-1024x1024.jpg 1024w, https:\/\/www.toucherterre.com\/wp-content\/uploads\/2025\/01\/IMG_20200706_114453_352-300x300.jpg 300w, https:\/\/www.toucherterre.com\/wp-content\/uploads\/2025\/01\/IMG_20200706_114453_352-150x150.jpg 150w, https:\/\/www.toucherterre.com\/wp-content\/uploads\/2025\/01\/IMG_20200706_114453_352-768x768.jpg 768w, https:\/\/www.toucherterre.com\/wp-content\/uploads\/2025\/01\/IMG_20200706_114453_352.jpg 1080w\" sizes=\"auto, (max-width: 1024px) 100vw, 1024px\" \/><\/figure>\n\n\n\n<figure class=\"wp-block-image size-large\"><img loading=\"lazy\" decoding=\"async\" width=\"1000\" height=\"667\" data-id=\"61\" src=\"https:\/\/www.toucherterre.com\/wp-content\/uploads\/2025\/01\/pousse.jpg\" alt=\"\" class=\"wp-image-61\" srcset=\"https:\/\/www.toucherterre.com\/wp-content\/uploads\/2025\/01\/pousse.jpg 1000w, https:\/\/www.toucherterre.com\/wp-content\/uploads\/2025\/01\/pousse-300x200.jpg 300w, https:\/\/www.toucherterre.com\/wp-content\/uploads\/2025\/01\/pousse-768x512.jpg 768w\" sizes=\"auto, (max-width: 1000px) 100vw, 1000px\" \/><\/figure>\n\n\n\n<figure class=\"wp-block-image size-large\"><img loading=\"lazy\" decoding=\"async\" width=\"768\" height=\"1024\" data-id=\"56\" src=\"https:\/\/www.toucherterre.com\/wp-content\/uploads\/2025\/01\/vase6-768x1024.jpg\" alt=\"\" class=\"wp-image-56\" srcset=\"https:\/\/www.toucherterre.com\/wp-content\/uploads\/2025\/01\/vase6-768x1024.jpg 768w, https:\/\/www.toucherterre.com\/wp-content\/uploads\/2025\/01\/vase6-225x300.jpg 225w, https:\/\/www.toucherterre.com\/wp-content\/uploads\/2025\/01\/vase6.jpg 1000w\" sizes=\"auto, (max-width: 768px) 100vw, 768px\" \/><\/figure>\n\n\n\n<figure class=\"wp-block-image size-large\"><img loading=\"lazy\" decoding=\"async\" width=\"1024\" height=\"1024\" data-id=\"57\" src=\"https:\/\/www.toucherterre.com\/wp-content\/uploads\/2025\/01\/VaseAutomne-1024x1024.jpg\" alt=\"\" class=\"wp-image-57\" srcset=\"https:\/\/www.toucherterre.com\/wp-content\/uploads\/2025\/01\/VaseAutomne-1024x1024.jpg 1024w, https:\/\/www.toucherterre.com\/wp-content\/uploads\/2025\/01\/VaseAutomne-300x300.jpg 300w, https:\/\/www.toucherterre.com\/wp-content\/uploads\/2025\/01\/VaseAutomne-150x150.jpg 150w, https:\/\/www.toucherterre.com\/wp-content\/uploads\/2025\/01\/VaseAutomne-768x768.jpg 768w, https:\/\/www.toucherterre.com\/wp-content\/uploads\/2025\/01\/VaseAutomne.jpg 1500w\" sizes=\"auto, (max-width: 1024px) 100vw, 1024px\" \/><\/figure>\n<\/figure>\n\n\n\n<p>Que ce soit un vase, une tasse ou un personnage, il y a toujours la m\u00eame volont\u00e9 de raconter une petite histoire, de capter un instant suspendu.<\/p>\n\n\n\n<p>Mes pi\u00e8ces sont g\u00e9n\u00e9ralement r\u00e9alis\u00e9es en gr\u00e8s de Saint Amand en Puisaye et subissent une \u00e0 deux cuissons jusqu\u2019\u00e0 1280 degr\u00e9s dans un four \u00e9lectrique.<\/p>\n\n\n\n<p>Les formes de mes pi\u00e8ces utilitaires sont simples et laissent la part belle \u00e0 la mati\u00e8re. Elles sont \u00e9maill\u00e9es par trempage ou au pinceau. Mes sculptures ne cherchent pas le plus grand r\u00e9alisme mais doivent d\u00e9gager vie et \u00e9motion tout en restant le plus simples possible. Aussi elles sont peu d\u00e9cor\u00e9es, je favorise les couleurs naturelles, l\u2019utilisation d\u2019oxyde de fer ou de mangan\u00e8se et parfois quelques touches d\u2019engobes.<\/p>\n\n\n\n<blockquote class=\"wp-block-quote is-layout-flow wp-block-quote-is-layout-flow\">\n<figure class=\"wp-block-gallery has-nested-images columns-default is-cropped wp-block-gallery-2 is-layout-flex wp-block-gallery-is-layout-flex\">\n<figure class=\"wp-block-image size-large\"><img loading=\"lazy\" decoding=\"async\" width=\"1024\" height=\"683\" data-id=\"29\" src=\"https:\/\/www.toucherterre.com\/wp-content\/uploads\/2025\/01\/5627-1024x683.jpg\" alt=\"\" class=\"wp-image-29\" srcset=\"https:\/\/www.toucherterre.com\/wp-content\/uploads\/2025\/01\/5627-1024x683.jpg 1024w, https:\/\/www.toucherterre.com\/wp-content\/uploads\/2025\/01\/5627-300x200.jpg 300w, https:\/\/www.toucherterre.com\/wp-content\/uploads\/2025\/01\/5627-768x512.jpg 768w, https:\/\/www.toucherterre.com\/wp-content\/uploads\/2025\/01\/5627-1536x1024.jpg 1536w, https:\/\/www.toucherterre.com\/wp-content\/uploads\/2025\/01\/5627.jpg 1920w\" sizes=\"auto, (max-width: 1024px) 100vw, 1024px\" \/><\/figure>\n\n\n\n<figure class=\"wp-block-image size-large\"><img loading=\"lazy\" decoding=\"async\" width=\"683\" height=\"1024\" data-id=\"27\" src=\"https:\/\/www.toucherterre.com\/wp-content\/uploads\/2025\/01\/5568-683x1024.jpg\" alt=\"\" class=\"wp-image-27\" srcset=\"https:\/\/www.toucherterre.com\/wp-content\/uploads\/2025\/01\/5568-683x1024.jpg 683w, https:\/\/www.toucherterre.com\/wp-content\/uploads\/2025\/01\/5568-200x300.jpg 200w, https:\/\/www.toucherterre.com\/wp-content\/uploads\/2025\/01\/5568-768x1152.jpg 768w, https:\/\/www.toucherterre.com\/wp-content\/uploads\/2025\/01\/5568-1024x1536.jpg 1024w, https:\/\/www.toucherterre.com\/wp-content\/uploads\/2025\/01\/5568.jpg 1280w\" sizes=\"auto, (max-width: 683px) 100vw, 683px\" \/><\/figure>\n\n\n\n<figure class=\"wp-block-image size-large\"><img loading=\"lazy\" decoding=\"async\" width=\"1024\" height=\"683\" data-id=\"28\" src=\"https:\/\/www.toucherterre.com\/wp-content\/uploads\/2025\/01\/5598-1024x683.jpg\" alt=\"\" class=\"wp-image-28\" srcset=\"https:\/\/www.toucherterre.com\/wp-content\/uploads\/2025\/01\/5598-1024x683.jpg 1024w, https:\/\/www.toucherterre.com\/wp-content\/uploads\/2025\/01\/5598-300x200.jpg 300w, https:\/\/www.toucherterre.com\/wp-content\/uploads\/2025\/01\/5598-768x512.jpg 768w, https:\/\/www.toucherterre.com\/wp-content\/uploads\/2025\/01\/5598-1536x1024.jpg 1536w, https:\/\/www.toucherterre.com\/wp-content\/uploads\/2025\/01\/5598.jpg 1920w\" sizes=\"auto, (max-width: 1024px) 100vw, 1024px\" \/><\/figure>\n\n\n\n<figure class=\"wp-block-image size-large\"><img loading=\"lazy\" decoding=\"async\" width=\"684\" height=\"1024\" data-id=\"12\" src=\"https:\/\/www.toucherterre.com\/wp-content\/uploads\/2025\/01\/3652-684x1024.jpg\" alt=\"\" class=\"wp-image-12\" srcset=\"https:\/\/www.toucherterre.com\/wp-content\/uploads\/2025\/01\/3652-684x1024.jpg 684w, https:\/\/www.toucherterre.com\/wp-content\/uploads\/2025\/01\/3652-200x300.jpg 200w, https:\/\/www.toucherterre.com\/wp-content\/uploads\/2025\/01\/3652-768x1150.jpg 768w, https:\/\/www.toucherterre.com\/wp-content\/uploads\/2025\/01\/3652-1026x1536.jpg 1026w, https:\/\/www.toucherterre.com\/wp-content\/uploads\/2025\/01\/3652.jpg 1282w\" sizes=\"auto, (max-width: 684px) 100vw, 684px\" \/><\/figure>\n\n\n\n<figure class=\"wp-block-image size-large\"><img loading=\"lazy\" decoding=\"async\" width=\"1024\" height=\"684\" data-id=\"13\" src=\"https:\/\/www.toucherterre.com\/wp-content\/uploads\/2025\/01\/3714-1024x684.jpg\" alt=\"\" class=\"wp-image-13\" srcset=\"https:\/\/www.toucherterre.com\/wp-content\/uploads\/2025\/01\/3714-1024x684.jpg 1024w, https:\/\/www.toucherterre.com\/wp-content\/uploads\/2025\/01\/3714-300x200.jpg 300w, https:\/\/www.toucherterre.com\/wp-content\/uploads\/2025\/01\/3714-768x513.jpg 768w, https:\/\/www.toucherterre.com\/wp-content\/uploads\/2025\/01\/3714-1536x1026.jpg 1536w, https:\/\/www.toucherterre.com\/wp-content\/uploads\/2025\/01\/3714.jpg 1920w\" sizes=\"auto, (max-width: 1024px) 100vw, 1024px\" \/><\/figure>\n<\/figure>\n<\/blockquote>\n\n\n\n<p><\/p>\n","protected":false},"excerpt":{"rendered":"<p>Dans mon atelier de po\u00e9sie c\u00e9ramique, je cr\u00e9e des sculptures, des masques et des petites s\u00e9ries utilitaires. Tr\u00e8s sensible \u00e0 l\u2019esth\u00e9tique et \u00e0 la culture japonaise, j&#8217;envisage mes cr\u00e9ations comme des petits po\u00e8mes courts, dans la tradition des Haikus. Que ce soit un vase, une tasse ou un personnage, il y a toujours la m\u00eame [&hellip;]<\/p>\n","protected":false},"author":1,"featured_media":35,"parent":0,"menu_order":0,"comment_status":"closed","ping_status":"open","template":"","meta":{"footnotes":""},"class_list":["post-2","page","type-page","status-publish","has-post-thumbnail","hentry"],"_links":{"self":[{"href":"https:\/\/www.toucherterre.com\/index.php\/wp-json\/wp\/v2\/pages\/2","targetHints":{"allow":["GET"]}}],"collection":[{"href":"https:\/\/www.toucherterre.com\/index.php\/wp-json\/wp\/v2\/pages"}],"about":[{"href":"https:\/\/www.toucherterre.com\/index.php\/wp-json\/wp\/v2\/types\/page"}],"author":[{"embeddable":true,"href":"https:\/\/www.toucherterre.com\/index.php\/wp-json\/wp\/v2\/users\/1"}],"replies":[{"embeddable":true,"href":"https:\/\/www.toucherterre.com\/index.php\/wp-json\/wp\/v2\/comments?post=2"}],"version-history":[{"count":3,"href":"https:\/\/www.toucherterre.com\/index.php\/wp-json\/wp\/v2\/pages\/2\/revisions"}],"predecessor-version":[{"id":161,"href":"https:\/\/www.toucherterre.com\/index.php\/wp-json\/wp\/v2\/pages\/2\/revisions\/161"}],"wp:featuredmedia":[{"embeddable":true,"href":"https:\/\/www.toucherterre.com\/index.php\/wp-json\/wp\/v2\/media\/35"}],"wp:attachment":[{"href":"https:\/\/www.toucherterre.com\/index.php\/wp-json\/wp\/v2\/media?parent=2"}],"curies":[{"name":"wp","href":"https:\/\/api.w.org\/{rel}","templated":true}]}}