{"id":98,"date":"2025-01-13T21:44:23","date_gmt":"2025-01-13T20:44:23","guid":{"rendered":"https:\/\/www.toucherterre.com\/?page_id=98"},"modified":"2025-01-19T16:31:45","modified_gmt":"2025-01-19T15:31:45","slug":"vases","status":"publish","type":"page","link":"https:\/\/www.toucherterre.com\/index.php\/vases\/","title":{"rendered":"Vases"},"content":{"rendered":"\n<div style=\"height:var(--wp--preset--spacing--50)\" aria-hidden=\"true\" class=\"wp-block-spacer\"><\/div>\n\n\n\n<div class=\"wp-block-group alignwide is-layout-constrained wp-block-group-is-layout-constrained\">\n<p>Parce qu\u2019un vase n&#8217;est pas uniquement un r\u00e9ceptacle, mais peut \u00eatre beau et int\u00e9ressant par lui m\u00eame. <\/p>\n<\/div>\n\n\n\n<div class=\"wp-block-group alignfull is-layout-constrained wp-container-core-group-is-layout-b25ccd55 wp-block-group-is-layout-constrained\" style=\"margin-top:0;margin-bottom:0;padding-top:var(--wp--preset--spacing--50);padding-right:var(--wp--preset--spacing--50);padding-bottom:var(--wp--preset--spacing--50);padding-left:var(--wp--preset--spacing--50)\">\n<figure class=\"wp-block-gallery has-nested-images columns-default is-cropped wp-block-gallery-1 is-layout-flex wp-block-gallery-is-layout-flex\">\n<figure class=\"wp-block-image size-large\"><img loading=\"lazy\" decoding=\"async\" width=\"768\" height=\"1024\" data-id=\"100\" src=\"https:\/\/www.toucherterre.com\/wp-content\/uploads\/2025\/01\/PhotodeCreation6-JPellenq-1-768x1024.jpg\" alt=\"\" class=\"wp-image-100\" srcset=\"https:\/\/www.toucherterre.com\/wp-content\/uploads\/2025\/01\/PhotodeCreation6-JPellenq-1-768x1024.jpg 768w, https:\/\/www.toucherterre.com\/wp-content\/uploads\/2025\/01\/PhotodeCreation6-JPellenq-1-225x300.jpg 225w, https:\/\/www.toucherterre.com\/wp-content\/uploads\/2025\/01\/PhotodeCreation6-JPellenq-1.jpg 1000w\" sizes=\"auto, (max-width: 768px) 100vw, 768px\" \/><\/figure>\n\n\n\n<figure class=\"wp-block-image size-large\"><img loading=\"lazy\" decoding=\"async\" width=\"768\" height=\"1024\" data-id=\"102\" src=\"https:\/\/www.toucherterre.com\/wp-content\/uploads\/2025\/01\/vase6-1-768x1024.jpg\" alt=\"\" class=\"wp-image-102\" srcset=\"https:\/\/www.toucherterre.com\/wp-content\/uploads\/2025\/01\/vase6-1-768x1024.jpg 768w, https:\/\/www.toucherterre.com\/wp-content\/uploads\/2025\/01\/vase6-1-225x300.jpg 225w, https:\/\/www.toucherterre.com\/wp-content\/uploads\/2025\/01\/vase6-1.jpg 1000w\" sizes=\"auto, (max-width: 768px) 100vw, 768px\" \/><\/figure>\n\n\n\n<figure class=\"wp-block-image size-large\"><img loading=\"lazy\" decoding=\"async\" width=\"1024\" height=\"1024\" data-id=\"101\" src=\"https:\/\/www.toucherterre.com\/wp-content\/uploads\/2025\/01\/VaseAutomne-1-1024x1024.jpg\" alt=\"\" class=\"wp-image-101\" srcset=\"https:\/\/www.toucherterre.com\/wp-content\/uploads\/2025\/01\/VaseAutomne-1-1024x1024.jpg 1024w, https:\/\/www.toucherterre.com\/wp-content\/uploads\/2025\/01\/VaseAutomne-1-300x300.jpg 300w, https:\/\/www.toucherterre.com\/wp-content\/uploads\/2025\/01\/VaseAutomne-1-150x150.jpg 150w, https:\/\/www.toucherterre.com\/wp-content\/uploads\/2025\/01\/VaseAutomne-1-768x768.jpg 768w, https:\/\/www.toucherterre.com\/wp-content\/uploads\/2025\/01\/VaseAutomne-1.jpg 1500w\" sizes=\"auto, (max-width: 1024px) 100vw, 1024px\" \/><\/figure>\n\n\n\n<figure class=\"wp-block-image size-large\"><img loading=\"lazy\" decoding=\"async\" width=\"768\" height=\"1024\" data-id=\"103\" src=\"https:\/\/www.toucherterre.com\/wp-content\/uploads\/2025\/01\/PhotodeCreation4-JPellenq-1-768x1024.jpg\" alt=\"\" class=\"wp-image-103\" srcset=\"https:\/\/www.toucherterre.com\/wp-content\/uploads\/2025\/01\/PhotodeCreation4-JPellenq-1-768x1024.jpg 768w, https:\/\/www.toucherterre.com\/wp-content\/uploads\/2025\/01\/PhotodeCreation4-JPellenq-1-225x300.jpg 225w, https:\/\/www.toucherterre.com\/wp-content\/uploads\/2025\/01\/PhotodeCreation4-JPellenq-1.jpg 820w\" sizes=\"auto, (max-width: 768px) 100vw, 768px\" \/><\/figure>\n<\/figure>\n<\/div>\n","protected":false},"excerpt":{"rendered":"<p>Parce qu\u2019un vase n&#8217;est pas uniquement un r\u00e9ceptacle, mais peut \u00eatre beau et int\u00e9ressant par lui m\u00eame.<\/p>\n","protected":false},"author":1,"featured_media":0,"parent":0,"menu_order":0,"comment_status":"closed","ping_status":"closed","template":"","meta":{"footnotes":""},"class_list":["post-98","page","type-page","status-publish","hentry"],"_links":{"self":[{"href":"https:\/\/www.toucherterre.com\/index.php\/wp-json\/wp\/v2\/pages\/98","targetHints":{"allow":["GET"]}}],"collection":[{"href":"https:\/\/www.toucherterre.com\/index.php\/wp-json\/wp\/v2\/pages"}],"about":[{"href":"https:\/\/www.toucherterre.com\/index.php\/wp-json\/wp\/v2\/types\/page"}],"author":[{"embeddable":true,"href":"https:\/\/www.toucherterre.com\/index.php\/wp-json\/wp\/v2\/users\/1"}],"replies":[{"embeddable":true,"href":"https:\/\/www.toucherterre.com\/index.php\/wp-json\/wp\/v2\/comments?post=98"}],"version-history":[{"count":2,"href":"https:\/\/www.toucherterre.com\/index.php\/wp-json\/wp\/v2\/pages\/98\/revisions"}],"predecessor-version":[{"id":137,"href":"https:\/\/www.toucherterre.com\/index.php\/wp-json\/wp\/v2\/pages\/98\/revisions\/137"}],"wp:attachment":[{"href":"https:\/\/www.toucherterre.com\/index.php\/wp-json\/wp\/v2\/media?parent=98"}],"curies":[{"name":"wp","href":"https:\/\/api.w.org\/{rel}","templated":true}]}}